{"id":9682,"date":"2021-06-08T04:15:10","date_gmt":"2021-06-08T04:15:10","guid":{"rendered":"http:\/\/integralrestoration.com\/contact-us\/"},"modified":"2021-06-08T04:30:53","modified_gmt":"2021-06-08T04:30:53","slug":"contacto","status":"publish","type":"page","link":"https:\/\/integralrestoration.com\/es\/contacto\/","title":{"rendered":"Contacto"},"content":{"rendered":"<div class=\"wpb-content-wrapper\"><p>[vc_row css=\u00bb.vc_custom_1558796213746{background-color: #f7f9fa !important;background-position: center !important;background-repeat: no-repeat !important;background-size: cover !important;}\u00bb][vc_column]\n\t<div class=\"bauer-spacer clearfix\" data-desktop=\"100\" data-mobi=\"60\" data-smobi=\"60\"><\/div>[vc_row_inner column_inner_spacing=\u00bb65&#8243;][vc_column_inner width=\u00bb1\/2&#8243;]<div class=\"bauer-simple-image text-center\" style=\"\" >\n\t\t\t<img decoding=\"async\" alt=\"image\" src=\"https:\/\/integralrestoration.com\/wp-content\/uploads\/2019\/05\/img1.png\" \/> \n\t\t<\/div>\n\t<div class=\"bauer-spacer clearfix\" data-desktop=\"0\" data-mobi=\"40\" data-smobi=\"40\"><\/div>[\/vc_column_inner][vc_column_inner width=\u00bb1\/2&#8243;]\n\t<div class=\"bauer-spacer clearfix\" data-desktop=\"45\" data-mobi=\"0\" data-smobi=\"0\"><\/div><div class=\"bauer-single-heading clearfix \" style=\"margin-bottom:25px;\"><span class=\"inner\"><span class=\"heading clearfix \" style=\"font-weight:600;color:#777777;font-size:16px;\">\n\t\tHacemos las cosas de manera diferente\n\t<\/span><\/span><\/div><h2 class=\"bauer-text clearfix \" style=\"font-size:42px;line-height:50px;margin-bottom:32px;\"><p>Programa tu cita ahora mismo sin ning\u00fan compromiso<\/p>\n<\/h2><div class=\"bauer-text clearfix \" style=\"font-size:18px;line-height:30px;color:#414042;margin-bottom:40px;\"><p>Es el momento de saber en qu\u00e9 estado se encuentra tu vivienda, no esperes a que tu vivienda sufra las consecuencias de no atender a tiempo los da\u00f1os.<\/p>\n<\/div><div class=\"bauer-grid-box clearfix grid2 border-light v-30 h-0 no-borders\" data-grid=\"2\" >\n\t\t<div class=\"bauer-icon-box clearfix icon-left align-left  simple\" style=\"background-color:#ffffff;padding:22px 25px 22px 25px;border-radius:5px;border:1px solid #e7e7e7;\" ><div class=\"wrap-inner\" style=\"position: relative;\"><div class=\"bauer-icon icon-115566206 custom accent-bg\"  data-icon=\"#ffffff\">\n\t\t\t\t<span class=\"icon\" style=\"font-size:18px;width:42px;height:42px;border-style:solid;border-radius:21px;line-height:44px; box-shadow: 0px 0px 0px 4px rgba(243,92,39,0.2)\"><i class=\"elegant-icon_phone\"><\/i><\/span>\n\t\t\t<\/div> <h3 class=\"heading \" style=\"padding-left:59px;color:#777777;font-size:15px;line-height:20px;\">\n\t\t\t<span>Cont\u00e1ctenos<\/span>\n\t\t<\/h3><div class=\"desc\" style=\"padding-left:59px;\"><p>+1 (407) 203-5002<\/p>\n<\/div> <\/div><\/div><div class=\"bauer-icon-box clearfix icon-left align-left  simple\" style=\"background-color:#ffffff;padding:22px 25px 22px 25px;border-radius:5px;border:1px solid #e7e7e7;\" ><div class=\"wrap-inner\" style=\"position: relative;\"><div class=\"bauer-icon icon-1194748256 custom accent-bg\"  data-icon=\"#ffffff\">\n\t\t\t\t<span class=\"icon\" style=\"font-size:18px;width:42px;height:42px;border-style:solid;border-radius:21px;line-height:44px; box-shadow: 0px 0px 0px 4px rgba(243,92,39,0.2)\"><i class=\"elegant-icon_pushpin_alt\"><\/i><\/span>\n\t\t\t<\/div> <h3 class=\"heading \" style=\"padding-left:59px;color:#777777;font-size:15px;line-height:20px;\">\n\t\t\t<span>Nuestra Oficina<\/span>\n\t\t<\/h3><div class=\"desc\" style=\"padding-left:59px;\"><p><a href=\"https:\/\/goo.gl\/maps\/DXesWmwSck2nH3Uz8\">En el mapa<\/a><\/p>\n<\/div> <\/div><\/div>\n\n\t<\/div>\n\t<div class=\"bauer-spacer clearfix\" data-desktop=\"50\" data-mobi=\"10\" data-smobi=\"10\"><\/div><div class=\"bauer-icon-box clearfix icon-left align-left  simple\" style=\"background-color:#ffffff;padding:22px 25px 22px 25px;border-radius:5px;border:1px solid #e7e7e7;\" ><div class=\"wrap-inner\" style=\"position: relative;\"><div class=\"bauer-icon icon-988936086 custom accent-bg\"  data-icon=\"#ffffff\">\n\t\t\t\t<span class=\"icon\" style=\"font-size:18px;width:42px;height:42px;border-style:solid;border-radius:21px;line-height:44px; box-shadow: 0px 0px 0px 4px rgba(243,92,39,0.2)\"><i class=\"elegant-icon_mail\"><\/i><\/span>\n\t\t\t<\/div> <h3 class=\"heading \" style=\"padding-left:59px;color:#777777;font-size:15px;line-height:20px;\">\n\t\t\t<span>Nuestro Email<\/span>\n\t\t<\/h3><div class=\"desc\" style=\"padding-left:59px;\"><p><span class=\"text-accent-color font-weight-500 underline-dashed\">info@integralrestoration.com<\/span><\/p>\n<\/div> <\/div><\/div>[\/vc_column_inner][\/vc_row_inner]\n\t<div class=\"bauer-spacer clearfix\" data-desktop=\"100\" data-mobi=\"50\" data-smobi=\"50\"><\/div>[\/vc_column][\/vc_row][vc_row css=\u00bb.vc_custom_1622080488897{background-image: url(https:\/\/integralrestoration.com\/wp-content\/uploads\/2021\/05\/section-bg3-2.jpg?id=9607) !important;background-position: center !important;background-repeat: no-repeat !important;background-size: cover !important;}\u00bb][vc_column]\n\t<div class=\"bauer-spacer clearfix\" data-desktop=\"100\" data-mobi=\"60\" data-smobi=\"60\"><\/div>[vc_row_inner column_inner_spacing=\u00bb100&#8243;][vc_column_inner width=\u00bb1\/2&#8243;]<div class=\"bauer-content-box clearfix \" data-padding=\"47px 50px 94px 50px\" data-mobipadding=\"40px\" data-margin=\"\" data-mobimargin=\"\" >\n\t\t<div class=\"inner ctb-1807998993\" style=\"\"  data-background=\"rgba(3,15,39,0.6)\" data-rounded=\"5px\" data-border-color=\"rgba(231,231,231,0.3)\" data-border-width=\"1px\">\n\t\t\t<h2 class=\"bauer-text clearfix \" style=\"font-size:42px;color:#f2f2f2;margin-bottom:8px;\"><p>Cont\u00e1ctenos <\/p>\n<\/h2><div class=\"bauer-text clearfix \" style=\"color:#f2f2f2;margin-bottom:25px;\"><p>Si tiene preguntas o ideas que le gustar\u00eda compartir, env\u00ede un mensaje. Para algo m\u00e1s espec\u00edfico, utilice una de las direcciones a continuaci\u00f3n.<\/p>\n<\/div><div class=\"bauer-grid-box clearfix grid2 border-light v-30 h-25 no-borders\" data-grid=\"2\" >\n\t\t<div class=\"bauer-text clearfix \" style=\"color:#f2f2f2;\"><p><span class=\"font-weight-500 text-white\">S&amp;D Integral Restoration Orlando<\/span><br \/>\n<span style=\"color: #8a99c0;\"><span>2290 S Volusia Ave. Suite AA,<br \/>\nOrange City, FL 32763<\/span><\/span><br \/>\n<span class=\"fas fa-map-marker-alt text-accent-color\" style=\"padding-right: 3px;\"><\/span> <span class=\"text-accent-color font-weight-600\"><a href=\"https:\/\/goo.gl\/maps\/DXesWmwSck2nH3Uz8\" class=\"hover-white\" target=\"_blank\" rel=\"noopener noreferrer\">Encuentrenos en el mapa<\/a><\/span><\/p>\n<\/div><div class=\"bauer-text clearfix \" style=\"color:#f2f2f2;\"><p><span class=\"font-weight-500 text-white\">Soporte<\/span><br \/>\n<span class=\"fas fa-phone\" style=\"padding-right: 5px; color: #8a99c0;\"><\/span> <span class=\"font-weight-600\" style=\"color: #8a99c0;\">+1 (407) 203-5002<\/span><\/p>\n<\/div><div class=\"bauer-text clearfix \" style=\"color:#f2f2f2;\"><p><span class=\"font-weight-500 text-white\">Nuestro Email<\/span><br \/>\n<span class=\"fas fa-envelope text-accent-color\" style=\"padding-right: 5px;\"><\/span> <span class=\"font-weight-600 text-accent-color\">info@integralrestoration.com<\/span><\/p>\n<\/div>\n\n\t<\/div>\n\t\t<\/div>\n\t<\/div>\n\t<div class=\"bauer-spacer clearfix\" data-desktop=\"0\" data-mobi=\"40\" data-smobi=\"40\"><\/div>[\/vc_column_inner][vc_column_inner width=\u00bb1\/2&#8243;]<div class=\"bauer-content-box clearfix \" data-padding=\"53px 35px 60px 35px\" data-mobipadding=\"50px 35px 50px 35px\" data-margin=\"\" data-mobimargin=\"\" >\n\t\t<div class=\"inner ctb-1586750417\" style=\"\"  data-background=\"#f7f9fa\" data-rounded=\"5px\" data-border-width=\"1px\">\n\t\t\t<div class=\"bauer-headings clearfix text-center\" data-font=22 style=\"\"><h2 class=\"heading clearfix \" style=\"margin-bottom:15px;font-size:22px;\">\n\t\tHablemos de su proyecto\n\t<\/h2><p class=\"sub-heading clearfix\" style=\"font-style:normal;max-width:400px;margin-left: auto; margin-right: auto;\">\n\t\tDespu\u00e9s de se contacte con nosotros y nos deje su contacto, estableceremos una hora para discutir su proyecto con m\u00e1s detalle.\n\t<\/p><\/div>\n\t<div class=\"bauer-spacer clearfix\" data-desktop=\"32\" data-mobi=\"32\" data-smobi=\"32\"><\/div>\n<div class=\"wpcf7 no-js\" id=\"wpcf7-f4437-o1\" lang=\"en-US\" dir=\"ltr\" data-wpcf7-id=\"4437\">\n<div class=\"screen-reader-response\"><p role=\"status\" aria-live=\"polite\" aria-atomic=\"true\"><\/p> <ul><\/ul><\/div>\n<form action=\"\/es\/wp-json\/wp\/v2\/pages\/9682#wpcf7-f4437-o1\" method=\"post\" class=\"wpcf7-form init\" aria-label=\"Contact form\" novalidate=\"novalidate\" data-status=\"init\">\n<fieldset class=\"hidden-fields-container\"><input type=\"hidden\" name=\"_wpcf7\" value=\"4437\" \/><input type=\"hidden\" name=\"_wpcf7_version\" value=\"6.1.1\" \/><input type=\"hidden\" name=\"_wpcf7_locale\" value=\"en_US\" \/><input type=\"hidden\" name=\"_wpcf7_unit_tag\" value=\"wpcf7-f4437-o1\" \/><input type=\"hidden\" name=\"_wpcf7_container_post\" value=\"0\" \/><input type=\"hidden\" name=\"_wpcf7_posted_data_hash\" value=\"\" \/>\n<\/fieldset>\n<div class=\"cf7-style-1\">\n\t<div class=\"name-wrap\">\n\t\t<p><span class=\"wpcf7-form-control-wrap\" data-name=\"your-name\"><input size=\"40\" maxlength=\"400\" class=\"wpcf7-form-control wpcf7-text wpcf7-validates-as-required\" aria-required=\"true\" aria-invalid=\"false\" placeholder=\"Name\" value=\"\" type=\"text\" name=\"your-name\" \/><\/span>\n\t\t<\/p>\n\t<\/div>\n\t<div class=\"email-wrap\">\n\t\t<p><span class=\"wpcf7-form-control-wrap\" data-name=\"your-email\"><input size=\"40\" maxlength=\"400\" class=\"wpcf7-form-control wpcf7-email wpcf7-validates-as-required wpcf7-text wpcf7-validates-as-email\" aria-required=\"true\" aria-invalid=\"false\" placeholder=\"Email\" value=\"\" type=\"email\" name=\"your-email\" \/><\/span>\n\t\t<\/p>\n\t<\/div>\n\t<div class=\"message-wrap\">\n\t\t<p><span class=\"wpcf7-form-control-wrap\" data-name=\"your-message\"><textarea cols=\"40\" rows=\"10\" maxlength=\"2000\" class=\"wpcf7-form-control wpcf7-textarea\" aria-invalid=\"false\" placeholder=\"Message\" name=\"your-message\"><\/textarea><\/span>\n\t\t<\/p>\n\t<\/div>\n\t<div class=\"submit-wrap\">\n\t\t<p><span><input class=\"wpcf7-form-control wpcf7-submit has-spinner\" type=\"submit\" value=\"SUBMIT\" \/><\/span>\n\t\t<\/p>\n\t<\/div>\n<\/div><p style=\"display: none !important;\" class=\"akismet-fields-container\" data-prefix=\"_wpcf7_ak_\"><label>&#916;<textarea name=\"_wpcf7_ak_hp_textarea\" cols=\"45\" rows=\"8\" maxlength=\"100\"><\/textarea><\/label><input type=\"hidden\" id=\"ak_js_1\" name=\"_wpcf7_ak_js\" value=\"193\"\/><script>document.getElementById( \"ak_js_1\" ).setAttribute( \"value\", ( new Date() ).getTime() );<\/script><\/p><div class=\"wpcf7-response-output\" aria-hidden=\"true\"><\/div>\n<\/form>\n<\/div>\n\n\t\t<\/div>\n\t<\/div>[\/vc_column_inner][\/vc_row_inner]\n\t<div class=\"bauer-spacer clearfix\" data-desktop=\"100\" data-mobi=\"60\" data-smobi=\"60\"><\/div>[\/vc_column][\/vc_row]<\/p>\n<\/div>","protected":false},"excerpt":{"rendered":"<p>[vc_row css=\u00bb.vc_custom_1558796213746{background-color: #f7f9fa !important;background-position: center !important;background-repeat: no-repeat !important;background-size: cover !important;}\u00bb][vc_column][vc_row_inner column_inner_spacing=\u00bb65&#8243;][vc_column_inner width=\u00bb1\/2&#8243;][\/vc_column_inner][vc_column_inner width=\u00bb1\/2&#8243;][\/vc_column_inner][\/vc_row_inner][\/vc_column][\/vc_row][vc_row css=\u00bb.vc_custom_1622080488897{background-image: url(https:\/\/integralrestoration.com\/wp-content\/uploads\/2021\/05\/section-bg3-2.jpg?id=9607) !important;background-position: center !important;background-repeat: no-repeat !important;background-size: cover !important;}\u00bb][vc_column][vc_row_inner column_inner_spacing=\u00bb100&#8243;][vc_column_inner width=\u00bb1\/2&#8243;][\/vc_column_inner][vc_column_inner width=\u00bb1\/2&#8243;][\/vc_column_inner][\/vc_row_inner][\/vc_column][\/vc_row]<\/p>\n","protected":false},"author":1,"featured_media":0,"parent":0,"menu_order":0,"comment_status":"closed","ping_status":"closed","template":"","meta":{"footnotes":""},"class_list":["post-9682","page","type-page","status-publish","hentry"],"_links":{"self":[{"href":"https:\/\/integralrestoration.com\/es\/wp-json\/wp\/v2\/pages\/9682","targetHints":{"allow":["GET"]}}],"collection":[{"href":"https:\/\/integralrestoration.com\/es\/wp-json\/wp\/v2\/pages"}],"about":[{"href":"https:\/\/integralrestoration.com\/es\/wp-json\/wp\/v2\/types\/page"}],"author":[{"embeddable":true,"href":"https:\/\/integralrestoration.com\/es\/wp-json\/wp\/v2\/users\/1"}],"replies":[{"embeddable":true,"href":"https:\/\/integralrestoration.com\/es\/wp-json\/wp\/v2\/comments?post=9682"}],"version-history":[{"count":11,"href":"https:\/\/integralrestoration.com\/es\/wp-json\/wp\/v2\/pages\/9682\/revisions"}],"predecessor-version":[{"id":9695,"href":"https:\/\/integralrestoration.com\/es\/wp-json\/wp\/v2\/pages\/9682\/revisions\/9695"}],"wp:attachment":[{"href":"https:\/\/integralrestoration.com\/es\/wp-json\/wp\/v2\/media?parent=9682"}],"curies":[{"name":"wp","href":"https:\/\/api.w.org\/{rel}","templated":true}]}}