{"id":9670,"date":"2021-06-07T22:44:27","date_gmt":"2021-06-07T22:44:27","guid":{"rendered":"http:\/\/integralrestoration.com\/services\/"},"modified":"2021-06-08T05:14:12","modified_gmt":"2021-06-08T05:14:12","slug":"servicios","status":"publish","type":"page","link":"https:\/\/integralrestoration.com\/es\/servicios\/","title":{"rendered":"Servicios"},"content":{"rendered":"<div class=\"wpb-content-wrapper\"><p>[vc_row css=\u00bb.vc_custom_1558595409249{background-image: url(https:\/\/integralrestoration.com\/wp-content\/uploads\/2021\/05\/section-bg1-1.png?id=7977) !important;background-position: center !important;background-repeat: no-repeat !important;background-size: cover !important;}\u00bb el_id=\u00bbfirst-row\u00bb][vc_column]\n\t<div class=\"bauer-spacer clearfix\" data-desktop=\"94\" data-mobi=\"60\" data-smobi=\"60\"><\/div><div class=\"bauer-single-heading clearfix text-center\" style=\"margin-bottom:24px;\"><span class=\"inner\"><span class=\"heading clearfix  accent\" style=\"font-weight:600;font-size:16px;\">\n\t\tSERVICIOS QUE LLEVAN LA CALMA A SU HOGAR\n\t<\/span><\/span><\/div><h2 class=\"bauer-text clearfix text-center\" style=\"font-size:42px;line-height:50px;margin-bottom:30px;\"><p>Tecnolog\u00eda <span class=\"font-weight-300\">de punta <\/span> restaurar <span class=\"font-weight-300\">su hogar<\/span><\/p>\n<\/h2><div class=\"bauer-text clearfix text-center\" style=\"font-size:18px;line-height:30px;color:#777777;max-width:750px;margin-left: auto; margin-right: auto;\"><p>Ofreciendo siempre el mejor servicio a nuestros clientes.<\/p>\n<\/div>\n\t<div class=\"bauer-spacer clearfix\" data-desktop=\"70\" data-mobi=\"40\" data-smobi=\"40\"><\/div>[vc_row_inner][vc_column_inner width=\u00bb1\/3&#8243;]<div class=\"bauer-icon-box clearfix icon-top align-center hover-style-1 simple\" style=\"background-color:#f7f9fa;padding:34px 25px 27px;border-radius:5px;border:1px solid #e7e7e7;\" ><div class=\"hover\" style=\"border-radius:5px;background-color:#030f27;\"><\/div><div class=\"wrap-inner\" style=\"position: relative;\"><div class=\"bauer-icon icon-2039848228 accent custom\"  data-background=\"\">\n\t\t\t\t<span class=\"icon\" style=\"font-size:50px;width:50px;height:50px;border-style:solid;line-height:50px;\"><i class=\"basicui-clock\"><\/i><\/span>\n\t\t\t<\/div> <h3 class=\"heading \" style=\"font-size:20px;line-height:24px;margin-top:22px;margin-bottom:12px;\">\n\t\t\t<span>Servicio las 24 horas<\/span>\n\t\t<\/h3><div class=\"desc\" style=\"\"><p>Asistencia luego de eventos como huracanes, o fuertes vientos para brindar nuestro servicio de emergencia lo antes posible.<\/p>\n<\/div> <div class=\"hover\" style=\"border-radius:5px;background-color:#030f27;\"><\/div><\/div><\/div>\n\t<div class=\"bauer-spacer clearfix\" data-desktop=\"30\" data-mobi=\"30\" data-smobi=\"30\"><\/div><div class=\"bauer-icon-box clearfix icon-top align-center hover-style-1 simple\" style=\"background-color:#f7f9fa;padding:34px 25px 27px;border-radius:5px;border:1px solid #e7e7e7;\" ><div class=\"hover\" style=\"border-radius:5px;background-color:#030f27;\"><\/div><div class=\"wrap-inner\" style=\"position: relative;\"><div class=\"bauer-icon icon-604410286 accent custom\"  data-background=\"\">\n\t\t\t\t<span class=\"icon\" style=\"font-size:50px;width:50px;height:50px;border-style:solid;line-height:50px;\"><i class=\"vc_li vc_li-fire\"><\/i><\/span>\n\t\t\t<\/div> <h3 class=\"heading \" style=\"font-size:20px;line-height:24px;margin-top:22px;margin-bottom:12px;\">\n\t\t\t<span>Da\u00f1os por incendio y humo<\/span>\n\t\t<\/h3><div class=\"desc\" style=\"\"><p style=\"text-align: center;\">Si tiene da\u00f1os por incendio, despu\u00e9s de llamar al 911, nuestra empresa lo ayudar\u00e1 a recuperar el material perdido despu\u00e9s del incidente.<\/p>\n<\/div> <div class=\"hover\" style=\"border-radius:5px;background-color:#030f27;\"><\/div><\/div><\/div>\n\t<div class=\"bauer-spacer clearfix\" data-desktop=\"0\" data-mobi=\"30\" data-smobi=\"30\"><\/div>[\/vc_column_inner][vc_column_inner width=\u00bb1\/3&#8243;]<div class=\"bauer-icon-box clearfix icon-top align-center hover-style-1 simple\" style=\"background-color:#f7f9fa;padding:34px 25px 27px;border-radius:5px;border:1px solid #e7e7e7;\" ><div class=\"hover\" style=\"border-radius:5px;background-color:#030f27;\"><\/div><div class=\"wrap-inner\" style=\"position: relative;\"><div class=\"bauer-icon icon-430371373 accent custom\"  data-background=\"\">\n\t\t\t\t<span class=\"icon\" style=\"font-size:50px;width:50px;height:50px;border-style:solid;line-height:50px;\"><i class=\"entypo-icon entypo-icon-droplet\"><\/i><\/span>\n\t\t\t<\/div> <h3 class=\"heading \" style=\"font-size:20px;line-height:24px;margin-top:22px;margin-bottom:12px;\">\n\t\t\t<span>Da\u00f1os por agua<\/span>\n\t\t<\/h3><div class=\"desc\" style=\"\"><p>Nos ocupamos de cualquier tipo de da\u00f1o causado por el agua, ya sean goteras, da\u00f1os en tu techo, inundaciones o roturas de tuber\u00edas.<\/p>\n<\/div> <div class=\"hover\" style=\"border-radius:5px;background-color:#030f27;\"><\/div><\/div><\/div>\n\t<div class=\"bauer-spacer clearfix\" data-desktop=\"30\" data-mobi=\"30\" data-smobi=\"30\"><\/div><div class=\"bauer-icon-box clearfix icon-top align-center hover-style-1 simple\" style=\"background-color:#f7f9fa;padding:34px 25px 27px;border-radius:5px;border:1px solid #e7e7e7;\" ><div class=\"hover\" style=\"border-radius:5px;background-color:#030f27;\"><\/div><div class=\"wrap-inner\" style=\"position: relative;\"><div class=\"bauer-icon icon-408180288 accent custom\"  data-background=\"\">\n\t\t\t\t<span class=\"icon\" style=\"font-size:50px;width:50px;height:50px;border-style:solid;line-height:50px;\"><i class=\"elegant-icon_genius\"><\/i><\/span>\n\t\t\t<\/div> <h3 class=\"heading \" style=\"font-size:20px;line-height:24px;margin-top:22px;margin-bottom:12px;\">\n\t\t\t<span>Servicios de Desinfecci\u00f3n<\/span>\n\t\t<\/h3><div class=\"desc\" style=\"\"><p>Mantenga su hogar libre de bacterias con nuestro servicio de desinfecci\u00f3n avanzado para su hogar u oficina.<\/p>\n<\/div> <div class=\"hover\" style=\"border-radius:5px;background-color:#030f27;\"><\/div><\/div><\/div>\n\t<div class=\"bauer-spacer clearfix\" data-desktop=\"0\" data-mobi=\"30\" data-smobi=\"30\"><\/div>[\/vc_column_inner][vc_column_inner width=\u00bb1\/3&#8243;]<div class=\"bauer-icon-box clearfix icon-top align-center hover-style-1 simple\" style=\"background-color:#f7f9fa;padding:34px 25px 27px;border-radius:5px;border:1px solid #e7e7e7;\" ><div class=\"hover\" style=\"border-radius:5px;background-color:#030f27;\"><\/div><div class=\"wrap-inner\" style=\"position: relative;\"><div class=\"bauer-icon icon-1680475738 accent custom\"  data-background=\"\">\n\t\t\t\t<span class=\"icon\" style=\"font-size:50px;width:50px;height:50px;border-style:solid;line-height:50px;\"><i class=\"bauerico-bio\"><\/i><\/span>\n\t\t\t<\/div> <h3 class=\"heading \" style=\"font-size:20px;line-height:24px;margin-top:22px;margin-bottom:12px;\">\n\t\t\t<span>Eliminaci\u00f3n de moho<\/span>\n\t\t<\/h3><div class=\"desc\" style=\"\"><p>Te ayudamos a detener la propagaci\u00f3n del moho, eliminando cualquier bacteria que pueda estar<br \/>\nalojada en tu hogar.<\/p>\n<\/div> <div class=\"hover\" style=\"border-radius:5px;background-color:#030f27;\"><\/div><\/div><\/div>\n\t<div class=\"bauer-spacer clearfix\" data-desktop=\"30\" data-mobi=\"30\" data-smobi=\"30\"><\/div><div class=\"bauer-icon-box clearfix icon-top align-center hover-style-1 simple\" style=\"background-color:#f7f9fa;padding:34px 25px 27px;border-radius:5px;border:1px solid #e7e7e7;\" ><div class=\"hover\" style=\"border-radius:5px;background-color:#030f27;\"><\/div><div class=\"wrap-inner\" style=\"position: relative;\"><div class=\"bauer-icon icon-489706039 accent custom\"  data-background=\"\">\n\t\t\t\t<span class=\"icon\" style=\"font-size:50px;width:50px;height:50px;border-style:solid;line-height:50px;\"><i class=\"bauerico-flask\"><\/i><\/span>\n\t\t\t<\/div> <h3 class=\"heading \" style=\"font-size:20px;line-height:24px;margin-top:22px;margin-bottom:12px;\">\n\t\t\t<span>Prueba de moho<\/span>\n\t\t<\/h3><div class=\"desc\" style=\"\"><p>La identificaci\u00f3n de bacterias es muy importante para determinar qu\u00e9 tan da\u00f1inas pueden ser para la salud de su familia.<\/p>\n<\/div> <div class=\"hover\" style=\"border-radius:5px;background-color:#030f27;\"><\/div><\/div><\/div>[\/vc_column_inner][\/vc_row_inner]\n\t<div class=\"bauer-spacer clearfix\" data-desktop=\"200\" data-mobi=\"160\" data-smobi=\"160\"><\/div>[\/vc_column][vc_column]<div class=\"bauer-content-box clearfix \" data-padding=\"55px 50px 50px 50px\" data-mobipadding=\"55px 50px 50px 50px\" data-margin=\"-100px 0px 0px 0px\" data-mobimargin=\"-100px 0px 0px 0px\" >\n\t\t<div class=\"inner ctb-147863819\" style=\"background:url(https:\/\/integralrestoration.com\/wp-content\/uploads\/2019\/05\/counters-bg.jpg) center center no-repeat;background-size:cover;\"  data-background=\"\" data-rounded=\"5px\">\n\t\t\t<div class=\"bauer-grid-box clearfix grid4 border-dark v-30 h-15 no-border-wrap\" data-grid=\"4\" >\n\t\t<div class=\"bauer-counter clearfix style-2 \" ><div class=\"inner\"><div class=\"left-wrap\" style=\"width:43%\"><div class=\"icon  accent\" style=\"font-size:50px; line-height: normal;line-height:40px;margin-right:20px;\"><i class=\"elegant-icon_check_alt2\"><\/i><\/div><\/div><div class=\"right-wrap\" style=\"width:57%\"><h3 class=\"number-wrap\" style=\"color:#ffffff;font-weight:400;font-size:42px;\"><span class=\"prefix \" style=\"\"><\/span><span class=\"number \" data-speed=\"5000\" data-from=\"0\" data-to=\"3150\"> 3150<\/span><span class=\"suffix \" style=\"\"><\/span><\/h3><\/div><\/div><h5 class=\"heading\" style=\"color:#ffffff;font-size:18px;margin-top:10px;\">\n\t\tReclamaciones exitosas\n\t<\/h5><\/div><div class=\"bauer-counter clearfix style-2 \" ><div class=\"inner\"><div class=\"left-wrap\" style=\"width:43%\"><div class=\"icon  accent\" style=\"font-size:50px; line-height: normal;line-height:40px;margin-right:20px;\"><i class=\"typcn typcn-group\"><\/i><\/div><\/div><div class=\"right-wrap\" style=\"width:57%\"><h3 class=\"number-wrap\" style=\"color:#ffffff;font-weight:400;font-size:42px;\"><span class=\"prefix \" style=\"\"><\/span><span class=\"number \" data-speed=\"5000\" data-from=\"0\" data-to=\"1580\"> 1580<\/span><span class=\"suffix \" style=\"\"><\/span><\/h3><\/div><\/div><h5 class=\"heading\" style=\"color:#ffffff;font-size:18px;margin-top:10px;\">\n\t\tClientes satisfechos\n\t<\/h5><\/div><div class=\"bauer-counter clearfix style-2 \" ><div class=\"inner\"><div class=\"left-wrap\" style=\"width:43%\"><div class=\"icon  accent\" style=\"font-size:50px; line-height: normal;line-height:40px;margin-right:20px;\"><i class=\"elegant-icon_search\"><\/i><\/div><\/div><div class=\"right-wrap\" style=\"width:57%\"><h3 class=\"number-wrap\" style=\"color:#ffffff;font-weight:400;font-size:42px;\"><span class=\"prefix \" style=\"\"><\/span><span class=\"number \" data-speed=\"5000\" data-from=\"0\" data-to=\"2350\"> 2350<\/span><span class=\"suffix \" style=\"color:#ffffff;\">+<\/span><\/h3><\/div><\/div><h5 class=\"heading\" style=\"color:#ffffff;font-size:18px;margin-top:10px;\">\n\t\tInspecciones Realizadas\n\t<\/h5><\/div><div class=\"bauer-counter clearfix style-2 \" ><div class=\"inner\"><div class=\"left-wrap\" style=\"width:43%\"><div class=\"icon  accent\" style=\"font-size:50px; line-height: normal;line-height:40px;margin-right:20px;\"><i class=\"elegant-icon_pin_alt\"><\/i><\/div><\/div><div class=\"right-wrap\" style=\"width:57%\"><h3 class=\"number-wrap\" style=\"color:#ffffff;font-weight:400;font-size:42px;\"><span class=\"prefix \" style=\"\"><\/span><span class=\"number \" data-speed=\"5000\" data-from=\"0\" data-to=\"32\"> 32<\/span><span class=\"suffix \" style=\"color:#ffffff;\">+<\/span><\/h3><\/div><\/div><h5 class=\"heading\" style=\"color:#ffffff;font-size:18px;margin-top:10px;\">\n\t\tAreas Alcanzadas\n\t<\/h5><\/div>\n\n\t<\/div>\n\t\t<\/div>\n\t<\/div>\n\t<div class=\"bauer-spacer clearfix\" data-desktop=\"94\" data-mobi=\"60\" data-smobi=\"60\"><\/div>[vc_row_inner][vc_column_inner width=\u00bb1\/2&#8243;]<div class=\"bauer-single-heading clearfix \" style=\"margin-bottom:25px;\"><span class=\"inner\"><span class=\"heading clearfix  accent\" style=\"font-weight:600;font-size:16px;\">\n\t\tNUESTRA COMPA\u00d1\u00cdA\n\t<\/span><\/span><\/div><h2 class=\"bauer-text clearfix \" style=\"font-size:42px;line-height:50px;color:#030f27;\"><p><span class=\"font-weight-300\">Realizamos todo tipo de<\/span><br \/>\nmantenimientos inmobiliarios<br \/>\n<span class=\"font-weight-300\">y<\/span> reparaciones<\/p>\n<\/h2>[\/vc_column_inner][vc_column_inner width=\u00bb1\/2&#8243;]\n\t<div class=\"bauer-spacer clearfix\" data-desktop=\"52\" data-mobi=\"30\" data-smobi=\"30\"><\/div><div class=\"bauer-text clearfix \" style=\"font-size:18px;line-height:30px;color:#414042;\"><p>Tenemos la experiencia para proteger el valor de su propiedad con nuestros servicios. Nos enorgullece brindar servicios de calidad que superan las expectativas de nuestros clientes.<\/p>\n<\/div>[\/vc_column_inner][\/vc_row_inner]\n\t<div class=\"bauer-spacer clearfix\" data-desktop=\"70\" data-mobi=\"50\" data-smobi=\"50\"><\/div>[\/vc_column][\/vc_row][vc_row css=\u00bb.vc_custom_1622068239312{background-color: #f7f9fa !important;background-position: center !important;background-repeat: no-repeat !important;background-size: cover !important;}\u00bb][vc_column width=\u00bb1\/2&#8243;][vc_row_inner][vc_column_inner]\n\t<div class=\"bauer-spacer clearfix\" data-desktop=\"94\" data-mobi=\"60\" data-smobi=\"60\"><\/div><h2 class=\"bauer-text clearfix \" style=\"font-size:42px;line-height:50px;margin-bottom:12px;\"><p><span class=\"font-weight-300\">\u00bfComo<\/span> contactar <span class=\"font-weight-300\">con nosotros?<\/span><\/p>\n<\/h2><div class=\"bauer-text clearfix \" style=\"color:#030f27;\"><p>Si tiene preguntas o ideas que le gustar\u00eda compartir, env\u00ede un mensaje. Para algo m\u00e1s espec\u00edfico, utilice una de las direcciones a continuaci\u00f3n.<\/p>\n<\/div>\n\t<div class=\"bauer-spacer clearfix\" data-desktop=\"60\" data-mobi=\"40\" data-smobi=\"40\"><\/div><div class=\"bauer-icon-box clearfix icon-left align-left  simple\" style=\"\" ><div class=\"wrap-inner\" style=\"position: relative;\"><div class=\"bauer-icon icon-330549319 accent custom\"  data-background=\"rgba(243,92,39,0.2)\">\n\t\t\t\t<span class=\"icon\" style=\"font-size:32px;width:70px;height:70px;border-style:solid;border-radius:40px;line-height:74px;margin-top:4px; box-shadow: 0px 0px 0px 5px rgba(243,92,39,0.1)\"><i class=\"elegant-icon_pin_alt\"><\/i><\/span>\n\t\t\t<\/div> <h3 class=\"heading \" style=\"padding-left:100px;font-size:18px;margin-bottom:1px;\">\n\t\t\t<span>Nuestra Ubicaci\u00f3n<\/span>\n\t\t<\/h3><div class=\"desc\" style=\"padding-left:100px;\"><div style=\"font-weight: 600; color: #8a99c0;\"><span>2290 S Volusia Ave. Suite AA, Orange City, FL 32763<\/span><br \/>\n<a href=\"https:\/\/goo.gl\/maps\/nkDxGWNiwLobMvib9\" target=\"_blank\" rel=\"noopener noreferrer\">Encu\u00e9ntrenos en el mapa<\/a><\/div>\n<\/div> <\/div><\/div>\n\t<div class=\"bauer-spacer clearfix\" data-desktop=\"18\" data-mobi=\"18\" data-smobi=\"18\"><\/div><div class=\"bauer-divider divider-left divider-solid\" style=\"border-top-color:#e7e7e7;\"><\/div><div class=\"clearfix\"><\/div>\n\t<div class=\"bauer-spacer clearfix\" data-desktop=\"18\" data-mobi=\"18\" data-smobi=\"18\"><\/div><div class=\"bauer-icon-box clearfix icon-left align-left  simple\" style=\"\" ><div class=\"wrap-inner\" style=\"position: relative;\"><div class=\"bauer-icon icon-310395022 accent custom\"  data-background=\"rgba(243,92,39,0.2)\">\n\t\t\t\t<span class=\"icon\" style=\"font-size:32px;width:70px;height:70px;border-style:solid;border-radius:40px;line-height:74px;margin-top:4px; box-shadow: 0px 0px 0px 5px rgba(243,92,39,0.1)\"><i class=\"elegant-icon_phone\"><\/i><\/span>\n\t\t\t<\/div> <h3 class=\"heading \" style=\"padding-left:100px;font-size:18px;margin-bottom:1px;\">\n\t\t\t<span>N\u00famero de l\u00ednea directa<\/span>\n\t\t<\/h3><div class=\"desc\" style=\"padding-left:100px;\"><div style=\"font-weight: 600; color: #8a99c0;\"><span class=\"phone content\">+1 (833) 734-35.78<\/span><\/div>\n<p>&nbsp;<\/p>\n<\/div> <\/div><\/div>\n\t<div class=\"bauer-spacer clearfix\" data-desktop=\"18\" data-mobi=\"18\" data-smobi=\"18\"><\/div><div class=\"bauer-divider divider-left divider-solid\" style=\"border-top-color:#e7e7e7;\"><\/div><div class=\"clearfix\"><\/div>\n\t<div class=\"bauer-spacer clearfix\" data-desktop=\"18\" data-mobi=\"18\" data-smobi=\"18\"><\/div><div class=\"bauer-icon-box clearfix icon-left align-left  simple\" style=\"\" ><div class=\"wrap-inner\" style=\"position: relative;\"><div class=\"bauer-icon icon-1209041176 accent custom\"  data-background=\"rgba(243,92,39,0.2)\">\n\t\t\t\t<span class=\"icon\" style=\"font-size:32px;width:70px;height:70px;border-style:solid;border-radius:40px;line-height:74px;margin-top:4px; box-shadow: 0px 0px 0px 5px rgba(243,92,39,0.1)\"><i class=\"elegant-icon_mail_alt\"><\/i><\/span>\n\t\t\t<\/div> <h3 class=\"heading \" style=\"padding-left:100px;font-size:18px;margin-bottom:1px;\">\n\t\t\t<span>Nuestro Email<\/span>\n\t\t<\/h3><div class=\"desc\" style=\"padding-left:100px;\"><div style=\"font-weight: 600; color: #8a99c0;\">info@integralrestoration.com<\/div>\n<div class=\"text-accent-color\" style=\"font-weight: 600;\">claims@integralrestoration.com<\/div>\n<\/div> <\/div><\/div>\n\t<div class=\"bauer-spacer clearfix\" data-desktop=\"18\" data-mobi=\"18\" data-smobi=\"18\"><\/div><div class=\"bauer-divider divider-left divider-solid\" style=\"border-top-color:#e7e7e7;\"><\/div><div class=\"clearfix\"><\/div>\n\t<div class=\"bauer-spacer clearfix\" data-desktop=\"0\" data-mobi=\"50\" data-smobi=\"50\"><\/div>[\/vc_column_inner][\/vc_row_inner]\n\t<div class=\"bauer-spacer clearfix\" data-desktop=\"100\" data-mobi=\"60\" data-smobi=\"60\"><\/div>[\/vc_column][vc_column width=\u00bb1\/2&#8243;]<div class=\"bauer-content-box clearfix \" data-padding=\"53px 35px 60px 35px\" data-mobipadding=\"50px 35px 50px 35px\" data-margin=\"-50px 0px 0px 0px\" data-mobimargin=\"0px 0px 0px 0px\" >\n\t\t<div class=\"inner ctb-206511401\" style=\"\"  data-background=\"#ffffff\" data-rounded=\"5px\" data-border-width=\"1px\" data-shadow=\" 0px 0px 20px 0px rgba(3,15,39,0.07)\">\n\t\t\t<div class=\"bauer-headings clearfix text-center\" data-font=22 style=\"\"><h2 class=\"heading clearfix \" style=\"margin-bottom:15px;font-size:22px;\">\n\t\tInspecci\u00f3n gratuita\n\t<\/h2><p class=\"sub-heading clearfix\" style=\"font-style:normal;max-width:400px;margin-left: auto; margin-right: auto;\">\n\t\tPerm\u00edtanos ayudarlo a resolver su problema.\n\t<\/p><\/div>\n\t<div class=\"bauer-spacer clearfix\" data-desktop=\"32\" data-mobi=\"32\" data-smobi=\"32\"><\/div>\n<div class=\"wpcf7 no-js\" id=\"wpcf7-f9699-o1\" lang=\"en-US\" dir=\"ltr\" data-wpcf7-id=\"9699\">\n<div class=\"screen-reader-response\"><p role=\"status\" aria-live=\"polite\" aria-atomic=\"true\"><\/p> <ul><\/ul><\/div>\n<form action=\"\/es\/wp-json\/wp\/v2\/pages\/9670#wpcf7-f9699-o1\" method=\"post\" class=\"wpcf7-form init\" aria-label=\"Contact form\" novalidate=\"novalidate\" data-status=\"init\">\n<fieldset class=\"hidden-fields-container\"><input type=\"hidden\" name=\"_wpcf7\" value=\"9699\" \/><input type=\"hidden\" name=\"_wpcf7_version\" value=\"6.1.1\" \/><input type=\"hidden\" name=\"_wpcf7_locale\" value=\"en_US\" \/><input type=\"hidden\" name=\"_wpcf7_unit_tag\" value=\"wpcf7-f9699-o1\" \/><input type=\"hidden\" name=\"_wpcf7_container_post\" value=\"0\" \/><input type=\"hidden\" name=\"_wpcf7_posted_data_hash\" value=\"\" \/>\n<\/fieldset>\n<div class=\"cf7-style-2\">\n\t<div class=\"name-wrap\">\n\t\t<p><span class=\"wpcf7-form-control-wrap\" data-name=\"your-name\"><input size=\"40\" maxlength=\"400\" class=\"wpcf7-form-control wpcf7-text wpcf7-validates-as-required\" aria-required=\"true\" aria-invalid=\"false\" placeholder=\"Nombre\" value=\"\" type=\"text\" name=\"your-name\" \/><\/span>\n\t\t<\/p>\n\t<\/div>\n\t<div class=\"phone-wrap\">\n\t\t<p><span class=\"wpcf7-form-control-wrap\" data-name=\"your-phone\"><input size=\"40\" maxlength=\"400\" class=\"wpcf7-form-control wpcf7-text\" aria-invalid=\"false\" placeholder=\"Tel\u00e9fono\" value=\"\" type=\"text\" name=\"your-phone\" \/><\/span>\n\t\t<\/p>\n\t<\/div>\n\t<div class=\"email-wrap\">\n\t\t<p><span class=\"wpcf7-form-control-wrap\" data-name=\"your-email\"><input size=\"40\" maxlength=\"400\" class=\"wpcf7-form-control wpcf7-email wpcf7-validates-as-required wpcf7-text wpcf7-validates-as-email\" aria-required=\"true\" aria-invalid=\"false\" placeholder=\"Email\" value=\"\" type=\"email\" name=\"your-email\" \/><\/span>\n\t\t<\/p>\n\t<\/div>\n\t<div class=\"subject-wrap\">\n\t\t<p><span class=\"wpcf7-form-control-wrap\" data-name=\"your-subject\"><input size=\"40\" maxlength=\"400\" class=\"wpcf7-form-control wpcf7-text wpcf7-validates-as-required\" aria-required=\"true\" aria-invalid=\"false\" placeholder=\"Asunto\" value=\"\" type=\"text\" name=\"your-subject\" \/><\/span>\n\t\t<\/p>\n\t<\/div>\n\t<div class=\"message-wrap\">\n\t\t<p><span class=\"wpcf7-form-control-wrap\" data-name=\"your-message\"><textarea cols=\"40\" rows=\"10\" maxlength=\"2000\" class=\"wpcf7-form-control wpcf7-textarea\" aria-invalid=\"false\" placeholder=\"Mensaje\" name=\"your-message\"><\/textarea><\/span>\n\t\t<\/p>\n\t<\/div>\n\t<div class=\"submit-wrap\">\n\t\t<p><span><input class=\"wpcf7-form-control wpcf7-submit has-spinner\" type=\"submit\" value=\"ENVIAR\" \/><\/span>\n\t\t<\/p>\n\t<\/div>\n<\/div><p style=\"display: none !important;\" class=\"akismet-fields-container\" data-prefix=\"_wpcf7_ak_\"><label>&#916;<textarea name=\"_wpcf7_ak_hp_textarea\" cols=\"45\" rows=\"8\" maxlength=\"100\"><\/textarea><\/label><input type=\"hidden\" id=\"ak_js_1\" name=\"_wpcf7_ak_js\" value=\"245\"\/><script>document.getElementById( \"ak_js_1\" ).setAttribute( \"value\", ( new Date() ).getTime() );<\/script><\/p><div class=\"wpcf7-response-output\" aria-hidden=\"true\"><\/div>\n<\/form>\n<\/div>\n\n\t\t<\/div>\n\t<\/div>[\/vc_column][\/vc_row]<\/p>\n<\/div>","protected":false},"excerpt":{"rendered":"<p>[vc_row css=\u00bb.vc_custom_1558595409249{background-image: url(https:\/\/integralrestoration.com\/wp-content\/uploads\/2021\/05\/section-bg1-1.png?id=7977) !important;background-position: center !important;background-repeat: no-repeat !important;background-size: cover !important;}\u00bb el_id=\u00bbfirst-row\u00bb][vc_column][vc_row_inner][vc_column_inner width=\u00bb1\/3&#8243;][\/vc_column_inner][vc_column_inner width=\u00bb1\/3&#8243;][\/vc_column_inner][vc_column_inner width=\u00bb1\/3&#8243;][\/vc_column_inner][\/vc_row_inner][\/vc_column][vc_column][vc_row_inner][vc_column_inner width=\u00bb1\/2&#8243;][\/vc_column_inner][vc_column_inner width=\u00bb1\/2&#8243;][\/vc_column_inner][\/vc_row_inner][\/vc_column][\/vc_row][vc_row css=\u00bb.vc_custom_1622068239312{background-color: #f7f9fa !important;background-position: center !important;background-repeat: no-repeat !important;background-size: cover !important;}\u00bb][vc_column width=\u00bb1\/2&#8243;][vc_row_inner][vc_column_inner][\/vc_column_inner][\/vc_row_inner][\/vc_column][vc_column width=\u00bb1\/2&#8243;][\/vc_column][\/vc_row]<\/p>\n","protected":false},"author":1,"featured_media":0,"parent":0,"menu_order":0,"comment_status":"closed","ping_status":"closed","template":"","meta":{"footnotes":""},"class_list":["post-9670","page","type-page","status-publish","hentry"],"_links":{"self":[{"href":"https:\/\/integralrestoration.com\/es\/wp-json\/wp\/v2\/pages\/9670","targetHints":{"allow":["GET"]}}],"collection":[{"href":"https:\/\/integralrestoration.com\/es\/wp-json\/wp\/v2\/pages"}],"about":[{"href":"https:\/\/integralrestoration.com\/es\/wp-json\/wp\/v2\/types\/page"}],"author":[{"embeddable":true,"href":"https:\/\/integralrestoration.com\/es\/wp-json\/wp\/v2\/users\/1"}],"replies":[{"embeddable":true,"href":"https:\/\/integralrestoration.com\/es\/wp-json\/wp\/v2\/comments?post=9670"}],"version-history":[{"count":9,"href":"https:\/\/integralrestoration.com\/es\/wp-json\/wp\/v2\/pages\/9670\/revisions"}],"predecessor-version":[{"id":9702,"href":"https:\/\/integralrestoration.com\/es\/wp-json\/wp\/v2\/pages\/9670\/revisions\/9702"}],"wp:attachment":[{"href":"https:\/\/integralrestoration.com\/es\/wp-json\/wp\/v2\/media?parent=9670"}],"curies":[{"name":"wp","href":"https:\/\/api.w.org\/{rel}","templated":true}]}}