{"id":9649,"date":"2021-06-07T17:28:29","date_gmt":"2021-06-07T17:28:29","guid":{"rendered":"http:\/\/integralrestoration.com\/nosotros\/"},"modified":"2024-06-26T18:34:33","modified_gmt":"2024-06-26T18:34:33","slug":"nosotros","status":"publish","type":"page","link":"https:\/\/integralrestoration.com\/es\/nosotros\/","title":{"rendered":"Nosotros"},"content":{"rendered":"<div class=\"wpb-content-wrapper\"><p>[vc_row css=\u00bb.vc_custom_1558754119849{background-image: url(https:\/\/integralrestoration.com\/site\/wp-content\/uploads\/2021\/06\/main-bg-1.png?id=8860) !important;background-position: center !important;background-repeat: no-repeat !important;background-size: cover !important;}\u00bb el_id=\u00bbfirst-row\u00bb][vc_column]\n\t<div class=\"bauer-spacer clearfix\" data-desktop=\"94\" data-mobi=\"60\" data-smobi=\"60\"><\/div>[vc_row_inner][vc_column_inner width=\u00bb1\/2&#8243;]<h2 class=\"bauer-text clearfix \" style=\"font-size:42px;line-height:50px;margin-bottom:32px;\"><p>Entendemos la importancia de la innovaci\u00f3n y la profesionalidad<\/p>\n<\/h2><div class=\"bauer-text clearfix \" style=\"font-size:18px;line-height:30px;color:#414042;margin-bottom:34px;\"><p>S&amp;D Integral Services Restoration es una empresa familiar, que fue creada para ayudar y servir a la comunidad con el fin de brindar informaci\u00f3n a todas las personas que la necesiten<\/p>\n<\/div><div class=\"bauer-text clearfix \" style=\"\"><p>Promoviendo el empoderamiento femenino, la directora Giormary S\u00e1nchez puso en marcha esta empresa luego de escuchar y ver como se enga\u00f1aba a las personas por otros medios, esta fue la motivaci\u00f3n para construir una empresa basada en la honestidad, el respeto y la uni\u00f3n para que las personas se sientan seguras al momento de poner su hogar en nuestro manos.<\/p>\n<p>Hoy S&amp;D es una empresa que quiere dar a conocer la calidad y el buen hacer que ofrecemos a nuestros clientes cada d\u00eda y que m\u00e1s all\u00e1 de eso todos somos una gran familia.<\/p>\n<\/div>\n\t<div class=\"bauer-spacer clearfix\" data-desktop=\"60\" data-mobi=\"30\" data-smobi=\"30\"><\/div>[\/vc_column_inner][vc_column_inner width=\u00bb1\/2&#8243;]\n\t<div class=\"bauer-spacer clearfix\" data-desktop=\"55\" data-mobi=\"40\" data-smobi=\"40\"><\/div><div class=\"bauer-simple-image text-center\" style=\"\" >\n\t\t\t<img decoding=\"async\" alt=\"image\" src=\"https:\/\/integralrestoration.com\/wp-content\/uploads\/2019\/05\/about-main-1.png\" \/> \n\t\t<\/div>[\/vc_column_inner][\/vc_row_inner]\n\t<div class=\"bauer-spacer clearfix\" data-desktop=\"100\" data-mobi=\"60\" data-smobi=\"60\"><\/div>[\/vc_column][\/vc_row][vc_row img_halfrow=\u00bbsimple\u00bb halfrow_image=\u00bb7571&#8243; img_columns=\u00bb6columns\u00bb img_position=\u00bbimgleft\u00bb image_video=\u00bbhttps:\/\/www.youtube.com\/watch?v=lixom5XWNf0&#8243; css=\u00bb.vc_custom_1558754144023{background-color: #f7f9fa !important;}\u00bb][vc_column width=\u00bb1\/2&#8243;][\/vc_column][vc_column width=\u00bb1\/2&#8243;]<div class=\"bauer-content-box clearfix \" data-padding=\"0% 0% 0% 20%\" data-mobipadding=\"0% 0% 0% 0%\" data-margin=\"\" data-mobimargin=\"\" >\n\t\t<div class=\"inner ctb-1839058229\" style=\"\"  data-background=\"\">\n\t\t\t\n\t<div class=\"bauer-spacer clearfix\" data-desktop=\"45\" data-mobi=\"45\" data-smobi=\"45\"><\/div><div class=\"bauer-single-heading clearfix \" style=\"margin-bottom:24px;\"><span class=\"inner\"><span class=\"heading clearfix \" style=\"font-weight:600;color:#777777;font-size:16px;\">\n\t\tLA BASE DE NUESTRO TRABAJO\n\t<\/span><\/span><\/div><h2 class=\"bauer-text clearfix \" style=\"font-size:42px;line-height:50px;margin-bottom:30px;\"><p>Honestidad, calidad e integridad<\/p>\n<\/h2><div class=\"bauer-text clearfix \" style=\"color:#414042;\"><p>Es la base de nuestro trabajo, siempre enfoc\u00e1ndonos en brindarle un excelente servicio y con la m\u00e1xima calidad del mercado siendo el cliente nuestra m\u00e1xima prioridad.<\/p>\n<\/div>\n\t<div class=\"bauer-spacer clearfix\" data-desktop=\"37\" data-mobi=\"37\" data-smobi=\"37\"><\/div>\n\t<div class=\"bauer-progress clearfix \" style=\"margin-bottom:22px;\"><h3 class=\"title\" style=\"font-weight:500;color:#030f27;font-size:15px;\">Reclamaciones exitosas<\/h3> <div class=\"perc-wrap\" style=\"font-weight:500;color:#030f27;font-size:15px;\"><div class=\"perc  accent\" style=\"\"><span>99%<\/span><\/div><\/div>\n\t\t<div class=\"progress-wrap\" style=\"background-color:#cccccc;margin-top:10px;\">\n\t\t\t<div class=\"progress-animate  accent\" data-valuemax=\"100\" data-valuemin=\"0\" data-valuenow=\"99\" style=\"height:5px;\">\n\t\t\t<\/div>\n\t\t<\/div>\n\t<\/div>\n\t<div class=\"bauer-progress clearfix \" style=\"margin-bottom:22px;\"><h3 class=\"title\" style=\"font-weight:500;color:#030f27;font-size:15px;\">Buena Compensaci\u00f3n<\/h3> <div class=\"perc-wrap\" style=\"font-weight:500;color:#030f27;font-size:15px;\"><div class=\"perc  accent\" style=\"\"><span>93%<\/span><\/div><\/div>\n\t\t<div class=\"progress-wrap\" style=\"background-color:#cccccc;margin-top:10px;\">\n\t\t\t<div class=\"progress-animate  accent\" data-valuemax=\"100\" data-valuemin=\"0\" data-valuenow=\"93\" style=\"height:5px;\">\n\t\t\t<\/div>\n\t\t<\/div>\n\t<\/div>\n\t<div class=\"bauer-progress clearfix \" style=\"\"><h3 class=\"title\" style=\"font-weight:500;color:#030f27;font-size:15px;\">Clientes referidos<\/h3> <div class=\"perc-wrap\" style=\"font-weight:500;color:#030f27;font-size:15px;\"><div class=\"perc  accent\" style=\"\"><span>85%<\/span><\/div><\/div>\n\t\t<div class=\"progress-wrap\" style=\"background-color:#cccccc;margin-top:10px;\">\n\t\t\t<div class=\"progress-animate  accent\" data-valuemax=\"100\" data-valuemin=\"0\" data-valuenow=\"85\" style=\"height:5px;\">\n\t\t\t<\/div>\n\t\t<\/div>\n\t<\/div>\n\t<div class=\"bauer-spacer clearfix\" data-desktop=\"80\" data-mobi=\"60\" data-smobi=\"60\"><\/div>\n\t\t<\/div>\n\t<\/div>[\/vc_column][\/vc_row][vc_row css=\u00bb.vc_custom_1557825100635{background-image: url(https:\/\/integralrestoration.com\/site\/wp-content\/uploads\/2021\/06\/section-bg1-2.png?id=8072) !important;background-position: center !important;background-repeat: no-repeat !important;background-size: cover !important;}\u00bb][vc_column]\n\t<div class=\"bauer-spacer clearfix\" data-desktop=\"94\" data-mobi=\"60\" data-smobi=\"60\"><\/div>[vc_row_inner][vc_column_inner width=\u00bb1\/2&#8243;]<div class=\"bauer-single-heading clearfix \" style=\"margin-bottom:25px;\"><span class=\"inner\"><span class=\"heading clearfix \" style=\"font-weight:600;color:#777777;font-size:16px;\">\n\t\tEN NUESTRA EMPRESA ESTAMOS\n\t<\/span><\/span><\/div><h2 class=\"bauer-text clearfix \" style=\"font-size:42px;line-height:50px;color:#030f27;\"><p>Acreditados y certificados para resolver cualquier problema:<\/p>\n<\/h2>[\/vc_column_inner][vc_column_inner width=\u00bb1\/2&#8243;]\n\t<div class=\"bauer-spacer clearfix\" data-desktop=\"52\" data-mobi=\"30\" data-smobi=\"30\"><\/div><div class=\"bauer-text clearfix \" style=\"font-size:18px;line-height:30px;color:#414042;\"><p>Somos un equipo especializado, en restauraci\u00f3n de da\u00f1os a su propiedad que est\u00e1 certificado por el IICRC, licenciado por evaluaci\u00f3n de moho y remediaci\u00f3n de moho, siendo parte de NORMI e ISSA, para ofrecer a la comunidad el mejor servicio y con la m\u00e1s alta calidad en el mercado. siendo el cliente nuestra m\u00e1xima prioridad<\/p>\n<\/div>[\/vc_column_inner][\/vc_row_inner]\n\t<div class=\"bauer-spacer clearfix\" data-desktop=\"70\" data-mobi=\"50\" data-smobi=\"50\"><\/div>[\/vc_column][\/vc_row][vc_row css=\u00bb.vc_custom_1558755492081{background: #f7f9fa url(https:\/\/integralrestoration.com\/site\/wp-content\/uploads\/2021\/06\/footer-bg-full.jpg?id=8878) !important;}\u00bb][vc_column]\n\t<div class=\"bauer-spacer clearfix\" data-desktop=\"94\" data-mobi=\"60\" data-smobi=\"60\"><\/div><div class=\"bauer-single-heading clearfix text-center\" style=\"margin-bottom:24px;\"><span class=\"inner\"><span class=\"heading clearfix \" style=\"font-weight:600;color:#777777;font-size:16px;\">\n\t\tTESTIMONIOS\n\t<\/span><\/span><\/div><h2 class=\"bauer-text clearfix text-center\" style=\"font-size:42px;line-height:50px;margin-bottom:30px;max-width:530px;margin-left: auto; margin-right: auto;\"><p>Que dicen nuestros clientes de nosotros<\/p>\n<\/h2>\n\t<div class=\"bauer-spacer clearfix\" data-desktop=\"65\" data-mobi=\"40\" data-smobi=\"40\"><\/div>[vc_row_inner][vc_column_inner width=\u00bb1\/3&#8243;][\/vc_column_inner][vc_column_inner width=\u00bb2\/3&#8243;]<div class=\"bauer-carousel-box arrow-style-1 arrow-center offsetcenter offset-v0 arrow50\" data-auto=\"false\" data-loop=\"false\" data-gap=\"30\" data-column=\"2\" data-column2=\"2\" data-column3=\"1\">\n        <div class=\"owl-carousel owl-theme\"><div class=\"bauer-testimonials light clearfix style-1 simple\" style=\"\">\n        <div class=\"inner\" style=\"padding:38px 30px 30px 30px;border-radius:5px;\">\n\t    <div class=\"image-wrap\">\n\t    \t<div class=\"thumb\" style=\"max-width:100px;margin-bottom:26px;\"><img loading=\"lazy\" decoding=\"async\" width=\"100\" height=\"100\" src=\"https:\/\/integralrestoration.com\/wp-content\/uploads\/2019\/05\/testimonial1-2.jpg\" class=\"attachment-full size-full\" alt=\"\" \/><\/div>\n\t    <\/div>\n\t    <div class=\"name-wrap\" style=\"margin-bottom:18px;\">\n\t    \t<div class=\"name-pos\" style=\"\"><h6 class=\"name\" style=\"\"><span>Eloise Smith<\/span><\/h6> <span class=\"position\" style=\"\">Industrial Engineer and CEO<\/span><\/div>\n\t    <\/div>\n\t    <div class=\"text-wrap\">\n\t    <blockquote class=\"text\" style=\"font-style:normal;\"><p>Bauer X did an excellent job from the conceptual stage through the finished construction of our new office.<\/p>\n<\/blockquote>\n\t    <\/div>\n    <\/div>\n    <\/div><div class=\"bauer-testimonials light clearfix style-1 simple\" style=\"\">\n        <div class=\"inner\" style=\"padding:38px 30px 30px 30px;border-radius:5px;\">\n\t    <div class=\"image-wrap\">\n\t    \t<div class=\"thumb\" style=\"max-width:100px;margin-bottom:26px;\"><img loading=\"lazy\" decoding=\"async\" width=\"100\" height=\"100\" src=\"https:\/\/integralrestoration.com\/wp-content\/uploads\/2019\/05\/testimonial2.jpg\" class=\"attachment-full size-full\" alt=\"\" \/><\/div>\n\t    <\/div>\n\t    <div class=\"name-wrap\" style=\"margin-bottom:18px;\">\n\t    \t<div class=\"name-pos\" style=\"\"><h6 class=\"name\" style=\"\"><span>Thomas Smith<\/span><\/h6> <span class=\"position\" style=\"\">Industrial Engineer and CEO<\/span><\/div>\n\t    <\/div>\n\t    <div class=\"text-wrap\">\n\t    <blockquote class=\"text\" style=\"font-style:normal;\"><p>Bauer X did an excellent job from the conceptual stage through the finished construction of our new office.<\/p>\n<\/blockquote>\n\t    <\/div>\n    <\/div>\n    <\/div><div class=\"bauer-testimonials light clearfix style-1 simple\" style=\"\">\n        <div class=\"inner\" style=\"padding:38px 30px 30px 30px;border-radius:5px;\">\n\t    <div class=\"image-wrap\">\n\t    \t<div class=\"thumb\" style=\"max-width:100px;margin-bottom:26px;\"><img loading=\"lazy\" decoding=\"async\" width=\"100\" height=\"100\" src=\"https:\/\/integralrestoration.com\/wp-content\/uploads\/2019\/05\/testimonial3.jpg\" class=\"attachment-full size-full\" alt=\"\" \/><\/div>\n\t    <\/div>\n\t    <div class=\"name-wrap\" style=\"margin-bottom:18px;\">\n\t    \t<div class=\"name-pos\" style=\"\"><h6 class=\"name\" style=\"\"><span>Vincent Smith<\/span><\/h6> <span class=\"position\" style=\"\">Industrial Engineer and CEO<\/span><\/div>\n\t    <\/div>\n\t    <div class=\"text-wrap\">\n\t    <blockquote class=\"text\" style=\"font-style:normal;\"><p>Bauer X did an excellent job from the conceptual stage through the finished construction of our new office.<\/p>\n<\/blockquote>\n\t    <\/div>\n    <\/div>\n    <\/div><div class=\"bauer-testimonials light clearfix style-1 simple\" style=\"\">\n        <div class=\"inner\" style=\"padding:38px 30px 30px 30px;border-radius:5px;\">\n\t    <div class=\"image-wrap\">\n\t    \t<div class=\"thumb\" style=\"max-width:100px;margin-bottom:26px;\"><img loading=\"lazy\" decoding=\"async\" width=\"100\" height=\"100\" src=\"https:\/\/integralrestoration.com\/wp-content\/uploads\/2019\/05\/testimonial1-2.jpg\" class=\"attachment-full size-full\" alt=\"\" \/><\/div>\n\t    <\/div>\n\t    <div class=\"name-wrap\" style=\"margin-bottom:18px;\">\n\t    \t<div class=\"name-pos\" style=\"\"><h6 class=\"name\" style=\"\"><span>Eloise Smith<\/span><\/h6> <span class=\"position\" style=\"\">Industrial Engineer and CEO<\/span><\/div>\n\t    <\/div>\n\t    <div class=\"text-wrap\">\n\t    <blockquote class=\"text\" style=\"font-style:normal;\"><p>Bauer X did an excellent job from the conceptual stage through the finished construction of our new office.<\/p>\n<\/blockquote>\n\t    <\/div>\n    <\/div>\n    <\/div><div class=\"bauer-testimonials light clearfix style-1 simple\" style=\"\">\n        <div class=\"inner\" style=\"padding:38px 30px 30px 30px;border-radius:5px;\">\n\t    <div class=\"image-wrap\">\n\t    \t<div class=\"thumb\" style=\"max-width:100px;margin-bottom:26px;\"><img loading=\"lazy\" decoding=\"async\" width=\"100\" height=\"100\" src=\"https:\/\/integralrestoration.com\/wp-content\/uploads\/2019\/05\/testimonial2.jpg\" class=\"attachment-full size-full\" alt=\"\" \/><\/div>\n\t    <\/div>\n\t    <div class=\"name-wrap\" style=\"margin-bottom:18px;\">\n\t    \t<div class=\"name-pos\" style=\"\"><h6 class=\"name\" style=\"\"><span>Thomas Smith<\/span><\/h6> <span class=\"position\" style=\"\">Industrial Engineer and CEO<\/span><\/div>\n\t    <\/div>\n\t    <div class=\"text-wrap\">\n\t    <blockquote class=\"text\" style=\"font-style:normal;\"><p>Bauer X did an excellent job from the conceptual stage through the finished construction of our new office.<\/p>\n<\/blockquote>\n\t    <\/div>\n    <\/div>\n    <\/div><div class=\"bauer-testimonials light clearfix style-1 simple\" style=\"\">\n        <div class=\"inner\" style=\"padding:38px 30px 30px 30px;border-radius:5px;\">\n\t    <div class=\"image-wrap\">\n\t    \t<div class=\"thumb\" style=\"max-width:100px;margin-bottom:26px;\"><img loading=\"lazy\" decoding=\"async\" width=\"100\" height=\"100\" src=\"https:\/\/integralrestoration.com\/wp-content\/uploads\/2019\/05\/testimonial3.jpg\" class=\"attachment-full size-full\" alt=\"\" \/><\/div>\n\t    <\/div>\n\t    <div class=\"name-wrap\" style=\"margin-bottom:18px;\">\n\t    \t<div class=\"name-pos\" style=\"\"><h6 class=\"name\" style=\"\"><span>Vincent Smith<\/span><\/h6> <span class=\"position\" style=\"\">Industrial Engineer and CEO<\/span><\/div>\n\t    <\/div>\n\t    <div class=\"text-wrap\">\n\t    <blockquote class=\"text\" style=\"font-style:normal;\"><p>Bauer X did an excellent job from the conceptual stage through the finished construction of our new office.<\/p>\n<\/blockquote>\n\t    <\/div>\n    <\/div>\n    <\/div><div class=\"bauer-testimonials light clearfix style-1 simple\" style=\"\">\n        <div class=\"inner\" style=\"padding:38px 30px 30px 30px;border-radius:5px;\">\n\t    <div class=\"image-wrap\">\n\t    \t<div class=\"thumb\" style=\"max-width:100px;margin-bottom:26px;\"><img loading=\"lazy\" decoding=\"async\" width=\"100\" height=\"100\" src=\"https:\/\/integralrestoration.com\/wp-content\/uploads\/2019\/05\/testimonial1-2.jpg\" class=\"attachment-full size-full\" alt=\"\" \/><\/div>\n\t    <\/div>\n\t    <div class=\"name-wrap\" style=\"margin-bottom:18px;\">\n\t    \t<div class=\"name-pos\" style=\"\"><h6 class=\"name\" style=\"\"><span>Eloise Smith<\/span><\/h6> <span class=\"position\" style=\"\">Industrial Engineer and CEO<\/span><\/div>\n\t    <\/div>\n\t    <div class=\"text-wrap\">\n\t    <blockquote class=\"text\" style=\"font-style:normal;\"><p>Bauer X did an excellent job from the conceptual stage through the finished construction of our new office.<\/p>\n<\/blockquote>\n\t    <\/div>\n    <\/div>\n    <\/div><div class=\"bauer-testimonials light clearfix style-1 simple\" style=\"\">\n        <div class=\"inner\" style=\"padding:38px 30px 30px 30px;border-radius:5px;\">\n\t    <div class=\"image-wrap\">\n\t    \t<div class=\"thumb\" style=\"max-width:100px;margin-bottom:26px;\"><img loading=\"lazy\" decoding=\"async\" width=\"100\" height=\"100\" src=\"https:\/\/integralrestoration.com\/wp-content\/uploads\/2019\/05\/testimonial2.jpg\" class=\"attachment-full size-full\" alt=\"\" \/><\/div>\n\t    <\/div>\n\t    <div class=\"name-wrap\" style=\"margin-bottom:18px;\">\n\t    \t<div class=\"name-pos\" style=\"\"><h6 class=\"name\" style=\"\"><span>Thomas Smith<\/span><\/h6> <span class=\"position\" style=\"\">Industrial Engineer and CEO<\/span><\/div>\n\t    <\/div>\n\t    <div class=\"text-wrap\">\n\t    <blockquote class=\"text\" style=\"font-style:normal;\"><p>Bauer X did an excellent job from the conceptual stage through the finished construction of our new office.<\/p>\n<\/blockquote>\n\t    <\/div>\n    <\/div>\n    <\/div><div class=\"bauer-testimonials light clearfix style-1 simple\" style=\"\">\n        <div class=\"inner\" style=\"padding:38px 30px 30px 30px;border-radius:5px;\">\n\t    <div class=\"image-wrap\">\n\t    \t<div class=\"thumb\" style=\"max-width:100px;margin-bottom:26px;\"><img loading=\"lazy\" decoding=\"async\" width=\"100\" height=\"100\" src=\"https:\/\/integralrestoration.com\/wp-content\/uploads\/2019\/05\/testimonial3.jpg\" class=\"attachment-full size-full\" alt=\"\" \/><\/div>\n\t    <\/div>\n\t    <div class=\"name-wrap\" style=\"margin-bottom:18px;\">\n\t    \t<div class=\"name-pos\" style=\"\"><h6 class=\"name\" style=\"\"><span>Vincent Smith<\/span><\/h6> <span class=\"position\" style=\"\">Industrial Engineer and CEO<\/span><\/div>\n\t    <\/div>\n\t    <div class=\"text-wrap\">\n\t    <blockquote class=\"text\" style=\"font-style:normal;\"><p>Bauer X did an excellent job from the conceptual stage through the finished construction of our new office.<\/p>\n<\/blockquote>\n\t    <\/div>\n    <\/div>\n    <\/div><\/div>\n\t<\/div>[\/vc_column_inner][\/vc_row_inner]\n\t<div class=\"bauer-spacer clearfix\" data-desktop=\"175\" data-mobi=\"135\" data-smobi=\"135\"><\/div>[\/vc_column][\/vc_row]<\/p>\n<\/div>","protected":false},"excerpt":{"rendered":"<p>[vc_row css=\u00bb.vc_custom_1558754119849{background-image: url(https:\/\/integralrestoration.com\/site\/wp-content\/uploads\/2021\/06\/main-bg-1.png?id=8860) !important;background-position: center !important;background-repeat: no-repeat !important;background-size: cover !important;}\u00bb el_id=\u00bbfirst-row\u00bb][vc_column][vc_row_inner][vc_column_inner width=\u00bb1\/2&#8243;][\/vc_column_inner][vc_column_inner width=\u00bb1\/2&#8243;][\/vc_column_inner][\/vc_row_inner][\/vc_column][\/vc_row][vc_row img_halfrow=\u00bbsimple\u00bb halfrow_image=\u00bb7571&#8243; img_columns=\u00bb6columns\u00bb img_position=\u00bbimgleft\u00bb image_video=\u00bbhttps:\/\/www.youtube.com\/watch?v=lixom5XWNf0&#8243; css=\u00bb.vc_custom_1558754144023{background-color: #f7f9fa !important;}\u00bb][vc_column width=\u00bb1\/2&#8243;][\/vc_column][vc_column width=\u00bb1\/2&#8243;][\/vc_column][\/vc_row][vc_row css=\u00bb.vc_custom_1557825100635{background-image: url(https:\/\/integralrestoration.com\/site\/wp-content\/uploads\/2021\/06\/section-bg1-2.png?id=8072) !important;background-position: center !important;background-repeat: no-repeat !important;background-size: cover !important;}\u00bb][vc_column][vc_row_inner][vc_column_inner width=\u00bb1\/2&#8243;][\/vc_column_inner][vc_column_inner width=\u00bb1\/2&#8243;][\/vc_column_inner][\/vc_row_inner][\/vc_column][\/vc_row][vc_row css=\u00bb.vc_custom_1558755492081{background: #f7f9fa url(https:\/\/integralrestoration.com\/site\/wp-content\/uploads\/2021\/06\/footer-bg-full.jpg?id=8878) !important;}\u00bb][vc_column][vc_row_inner][vc_column_inner width=\u00bb1\/3&#8243;][\/vc_column_inner][vc_column_inner width=\u00bb2\/3&#8243;][\/vc_column_inner][\/vc_row_inner][\/vc_column][\/vc_row]<\/p>\n","protected":false},"author":1,"featured_media":0,"parent":0,"menu_order":0,"comment_status":"closed","ping_status":"closed","template":"","meta":{"footnotes":""},"class_list":["post-9649","page","type-page","status-publish","hentry"],"_links":{"self":[{"href":"https:\/\/integralrestoration.com\/es\/wp-json\/wp\/v2\/pages\/9649","targetHints":{"allow":["GET"]}}],"collection":[{"href":"https:\/\/integralrestoration.com\/es\/wp-json\/wp\/v2\/pages"}],"about":[{"href":"https:\/\/integralrestoration.com\/es\/wp-json\/wp\/v2\/types\/page"}],"author":[{"embeddable":true,"href":"https:\/\/integralrestoration.com\/es\/wp-json\/wp\/v2\/users\/1"}],"replies":[{"embeddable":true,"href":"https:\/\/integralrestoration.com\/es\/wp-json\/wp\/v2\/comments?post=9649"}],"version-history":[{"count":13,"href":"https:\/\/integralrestoration.com\/es\/wp-json\/wp\/v2\/pages\/9649\/revisions"}],"predecessor-version":[{"id":10327,"href":"https:\/\/integralrestoration.com\/es\/wp-json\/wp\/v2\/pages\/9649\/revisions\/10327"}],"wp:attachment":[{"href":"https:\/\/integralrestoration.com\/es\/wp-json\/wp\/v2\/media?parent=9649"}],"curies":[{"name":"wp","href":"https:\/\/api.w.org\/{rel}","templated":true}]}}